{"id":347,"date":"2016-08-23T06:44:55","date_gmt":"2016-08-23T06:44:55","guid":{"rendered":"http:\/\/demo.uix.store\/sober\/?page_id=347"},"modified":"2025-06-18T16:38:00","modified_gmt":"2025-06-18T14:38:00","slug":"faqs","status":"publish","type":"page","link":"https:\/\/obscurra.eu\/es\/faqs\/","title":{"rendered":"Preguntas frecuentes"},"content":{"rendered":"<div data-elementor-type=\"wp-page\" data-elementor-id=\"347\" class=\"elementor elementor-347\">\n\t\t\t\t\t\t<section class=\"elementor-section elementor-top-section elementor-element elementor-element-c5f4b60 elementor-section-full_width elementor-section-stretched elementor-section-height-default elementor-section-height-default\" data-id=\"c5f4b60\" data-element_type=\"section\" data-settings=\"{&quot;stretch_section&quot;:&quot;section-stretched&quot;,&quot;background_background&quot;:&quot;classic&quot;}\">\n\t\t\t\t\t\t<div class=\"elementor-container elementor-column-gap-default\">\n\t\t\t\t\t<div class=\"elementor-column elementor-col-100 elementor-top-column elementor-element elementor-element-a9bc71e\" data-id=\"a9bc71e\" data-element_type=\"column\">\n\t\t\t<div class=\"elementor-widget-wrap elementor-element-populated\">\n\t\t\t\t\t\t<div class=\"elementor-element elementor-element-f323493 elementor-widget elementor-widget-sober-section-heading\" data-id=\"f323493\" data-element_type=\"widget\" data-widget_type=\"sober-section-heading.default\">\n\t\t\t\t<div class=\"elementor-widget-container\">\n\t\t\t\t\t<h2 class=\"sober-section-heading sober-section-heading--default\"><span class=\"sober-section-heading__title\">Preguntas frecuentes<\/span><\/h2>\t\t\t\t<\/div>\n\t\t\t\t<\/div>\n\t\t\t\t\t<\/div>\n\t\t<\/div>\n\t\t\t\t\t<\/div>\n\t\t<\/section>\n\t\t\t\t<section class=\"elementor-section elementor-top-section elementor-element elementor-element-6c43 elementor-section-boxed elementor-section-height-default elementor-section-height-default\" data-id=\"6c43\" data-element_type=\"section\">\n\t\t\t\t\t\t<div class=\"elementor-container elementor-column-gap-default\">\n\t\t\t\t\t<div class=\"elementor-column elementor-col-100 elementor-top-column elementor-element elementor-element-32c0\" data-id=\"32c0\" data-element_type=\"column\">\n\t\t\t<div class=\"elementor-widget-wrap elementor-element-populated\">\n\t\t\t\t\t\t<div class=\"elementor-element elementor-element-c11dcb4 elementor-widget elementor-widget-heading\" data-id=\"c11dcb4\" data-element_type=\"widget\" data-widget_type=\"heading.default\">\n\t\t\t\t<div class=\"elementor-widget-container\">\n\t\t\t\t\t<h3 class=\"elementor-heading-title elementor-size-default\">\u00bfTienes alguna pregunta? Tenemos la respuesta.<\/h3>\t\t\t\t<\/div>\n\t\t\t\t<\/div>\n\t\t\t\t<div class=\"elementor-element elementor-element-19d87a6 elementor-widget elementor-widget-text-editor\" data-id=\"19d87a6\" data-element_type=\"widget\" data-widget_type=\"text-editor.default\">\n\t\t\t\t<div class=\"elementor-widget-container\">\n\t\t\t\t\t\t\t\t\t<p data-start=\"118\" data-end=\"297\">A continuaci\u00f3n encontrar\u00e1 respuestas a las preguntas m\u00e1s frecuentes sobre compras en nuestra tienda. Si no encuentra la informaci\u00f3n que necesita, escr\u00edbanos. \u00a1Estaremos encantados de ayudarle!<\/p>\t\t\t\t\t\t\t\t<\/div>\n\t\t\t\t<\/div>\n\t\t\t\t\t<\/div>\n\t\t<\/div>\n\t\t\t\t\t<\/div>\n\t\t<\/section>\n\t\t\t\t<section class=\"elementor-section elementor-top-section elementor-element elementor-element-07eecb6 elementor-section-boxed elementor-section-height-default elementor-section-height-default\" data-id=\"07eecb6\" data-element_type=\"section\">\n\t\t\t\t\t\t<div class=\"elementor-container elementor-column-gap-default\">\n\t\t\t\t\t<div class=\"elementor-column elementor-col-100 elementor-top-column elementor-element elementor-element-f4ba3bd\" data-id=\"f4ba3bd\" data-element_type=\"column\">\n\t\t\t<div class=\"elementor-widget-wrap elementor-element-populated\">\n\t\t\t\t\t\t<div class=\"elementor-element elementor-element-e53c582 elementor-widget elementor-widget-sober-faq\" data-id=\"e53c582\" data-element_type=\"widget\" data-widget_type=\"sober-faq.default\">\n\t\t\t\t<div class=\"elementor-widget-container\">\n\t\t\t\t\t\t\t<div class=\"sober-faq sober-faq--elementor\">\n\t\t\t<div class=\"sober-faq__question question\">\n\t\t\t\t<span class=\"sober-faq__question-label question-label\">Question<\/span>\n\t\t\t\t<span class=\"sober-faq__question-icon question-icon\"><span class=\"toggle-icon\"><\/span><\/span>\n\t\t\t\t<span class=\"question-title sober-faq__question-title\">\u00bfCu\u00e1nto tiempo tendr\u00e9 que esperar por mi env\u00edo?<\/span>\n\t\t\t<\/div>\n\t\t\t<div class=\"sober-faq__answer answer\">\n\t\t\t\t<span class=\"sober-faq__answer-label answer-label\">Answer<\/span>\n\t\t\t\t<div class=\"sober-faq__answer-content\"><p data-start=\"357\" data-end=\"514\">El plazo de procesamiento del pedido suele ser de 5 a 10 d\u00edas laborables. A esto hay que a\u00f1adir el plazo de entrega, seg\u00fan el m\u00e9todo de env\u00edo elegido (mensajer\u00eda, consigna, etc.).<\/p><p data-start=\"1632\" data-end=\"1734\">\u00a0<\/p><\/div>\n\t\t\t<\/div>\n\t\t<\/div>\n\t\t\t\t\t\t<\/div>\n\t\t\t\t<\/div>\n\t\t\t\t<div class=\"elementor-element elementor-element-5e1a7d7 elementor-widget elementor-widget-sober-faq\" data-id=\"5e1a7d7\" data-element_type=\"widget\" data-widget_type=\"sober-faq.default\">\n\t\t\t\t<div class=\"elementor-widget-container\">\n\t\t\t\t\t\t\t<div class=\"sober-faq sober-faq--elementor\">\n\t\t\t<div class=\"sober-faq__question question\">\n\t\t\t\t<span class=\"sober-faq__question-label question-label\">Question<\/span>\n\t\t\t\t<span class=\"sober-faq__question-icon question-icon\"><span class=\"toggle-icon\"><\/span><\/span>\n\t\t\t\t<span class=\"question-title sober-faq__question-title\">\u00bfOfrecen env\u00edos internacionales?<\/span>\n\t\t\t<\/div>\n\t\t\t<div class=\"sober-faq__answer answer\">\n\t\t\t\t<span class=\"sober-faq__answer-label answer-label\">Answer<\/span>\n\t\t\t\t<div class=\"sober-faq__answer-content\"><p data-start=\"777\" data-end=\"887\">S\u00ed, tambi\u00e9n procesamos pedidos internacionales. Los gastos de env\u00edo y los plazos se pueden ver en la cesta tras seleccionar el pa\u00eds.<\/p><\/div>\n\t\t\t<\/div>\n\t\t<\/div>\n\t\t\t\t\t\t<\/div>\n\t\t\t\t<\/div>\n\t\t\t\t<div class=\"elementor-element elementor-element-92fd6cd elementor-widget elementor-widget-sober-faq\" data-id=\"92fd6cd\" data-element_type=\"widget\" data-widget_type=\"sober-faq.default\">\n\t\t\t\t<div class=\"elementor-widget-container\">\n\t\t\t\t\t\t\t<div class=\"sober-faq sober-faq--elementor\">\n\t\t\t<div class=\"sober-faq__question question\">\n\t\t\t\t<span class=\"sober-faq__question-label question-label\">Question<\/span>\n\t\t\t\t<span class=\"sober-faq__question-icon question-icon\"><span class=\"toggle-icon\"><\/span><\/span>\n\t\t\t\t<span class=\"question-title sober-faq__question-title\">\u00bfC\u00f3mo puedo pagar mi pedido?<\/span>\n\t\t\t<\/div>\n\t\t\t<div class=\"sober-faq__answer answer\">\n\t\t\t\t<span class=\"sober-faq__answer-label answer-label\">Answer<\/span>\n\t\t\t\t<div class=\"sober-faq__answer-content\"><p data-start=\"936\" data-end=\"1025\">Aceptamos pagos con tarjeta, BLIK, transferencias online y contra reembolso (en Polonia).<\/p><\/div>\n\t\t\t<\/div>\n\t\t<\/div>\n\t\t\t\t\t\t<\/div>\n\t\t\t\t<\/div>\n\t\t\t\t<div class=\"elementor-element elementor-element-6c35bbf elementor-widget elementor-widget-sober-faq\" data-id=\"6c35bbf\" data-element_type=\"widget\" data-widget_type=\"sober-faq.default\">\n\t\t\t\t<div class=\"elementor-widget-container\">\n\t\t\t\t\t\t\t<div class=\"sober-faq sober-faq--elementor\">\n\t\t\t<div class=\"sober-faq__question question\">\n\t\t\t\t<span class=\"sober-faq__question-label question-label\">Question<\/span>\n\t\t\t\t<span class=\"sober-faq__question-icon question-icon\"><span class=\"toggle-icon\"><\/span><\/span>\n\t\t\t\t<span class=\"question-title sober-faq__question-title\">\u00bfQu\u00e9 hacer si un producto est\u00e1 da\u00f1ado o no es como se describe?<\/span>\n\t\t\t<\/div>\n\t\t\t<div class=\"sober-faq__answer answer\">\n\t\t\t\t<span class=\"sober-faq__answer-label answer-label\">Answer<\/span>\n\t\t\t\t<div class=\"sober-faq__answer-content\"><p data-start=\"1106\" data-end=\"1236\">Cont\u00e1ctanos en <a class=\"cursor-pointer\" rel=\"noopener\" data-start=\"1131\" data-end=\"1150\">contacto@obscurra.pl<\/a> Adjunte una foto y el n\u00famero de pedido. Tramitamos las reclamaciones en un plazo de 10 d\u00edas h\u00e1biles.<\/p><\/div>\n\t\t\t<\/div>\n\t\t<\/div>\n\t\t\t\t\t\t<\/div>\n\t\t\t\t<\/div>\n\t\t\t\t<div class=\"elementor-element elementor-element-ea3ec3b elementor-widget elementor-widget-sober-faq\" data-id=\"ea3ec3b\" data-element_type=\"widget\" data-widget_type=\"sober-faq.default\">\n\t\t\t\t<div class=\"elementor-widget-container\">\n\t\t\t\t\t\t\t<div class=\"sober-faq sober-faq--elementor\">\n\t\t\t<div class=\"sober-faq__question question\">\n\t\t\t\t<span class=\"sober-faq__question-label question-label\">Question<\/span>\n\t\t\t\t<span class=\"sober-faq__question-icon question-icon\"><span class=\"toggle-icon\"><\/span><\/span>\n\t\t\t\t<span class=\"question-title sober-faq__question-title\">\u00bfC\u00f3mo puedo contactarte?<\/span>\n\t\t\t<\/div>\n\t\t\t<div class=\"sober-faq__answer answer\">\n\t\t\t\t<span class=\"sober-faq__answer-label answer-label\">Answer<\/span>\n\t\t\t\t<div class=\"sober-faq__answer-content\"><p data-start=\"1286\" data-end=\"1402\">Mejor por correo electr\u00f3nico: <a class=\"cursor-pointer\" rel=\"noopener\" data-start=\"1305\" data-end=\"1324\">contacto@obscurra.pl<\/a> O a trav\u00e9s del formulario de contacto de la p\u00e1gina web. Normalmente respondemos en 24 horas.<\/p><\/div>\n\t\t\t<\/div>\n\t\t<\/div>\n\t\t\t\t\t\t<\/div>\n\t\t\t\t<\/div>\n\t\t\t\t<div class=\"elementor-element elementor-element-9dd4e10 elementor-widget elementor-widget-sober-faq\" data-id=\"9dd4e10\" data-element_type=\"widget\" data-widget_type=\"sober-faq.default\">\n\t\t\t\t<div class=\"elementor-widget-container\">\n\t\t\t\t\t\t\t<div class=\"sober-faq sober-faq--elementor\">\n\t\t\t<div class=\"sober-faq__question question\">\n\t\t\t\t<span class=\"sober-faq__question-label question-label\">Question<\/span>\n\t\t\t\t<span class=\"sober-faq__question-icon question-icon\"><span class=\"toggle-icon\"><\/span><\/span>\n\t\t\t\t<span class=\"question-title sober-faq__question-title\">\u00bfLos productos son hechos a mano o de fabricaci\u00f3n local?<\/span>\n\t\t\t<\/div>\n\t\t\t<div class=\"sober-faq__answer answer\">\n\t\t\t\t<span class=\"sober-faq__answer-label answer-label\">Answer<\/span>\n\t\t\t\t<div class=\"sober-faq__answer-content\"><p data-start=\"1467\" data-end=\"1574\">\u00a1S\u00ed! Muchos de nuestros productos provienen de peque\u00f1as f\u00e1bricas locales polacas o se fabrican por encargo.<\/p><p data-start=\"1632\" data-end=\"1734\">\u00a0<\/p><\/div>\n\t\t\t<\/div>\n\t\t<\/div>\n\t\t\t\t\t\t<\/div>\n\t\t\t\t<\/div>\n\t\t\t\t\t<\/div>\n\t\t<\/div>\n\t\t\t\t\t<\/div>\n\t\t<\/section>\n\t\t\t\t<\/div>","protected":false},"excerpt":{"rendered":"<p>FAQ Masz pytanie? Mamy odpowied\u017a. Poni\u017cej znajdziesz odpowiedzi na najcz\u0119\u015bciej zadawane pytania dotycz\u0105ce zakup\u00f3w w&hellip;<\/p>","protected":false},"author":1,"featured_media":0,"parent":0,"menu_order":0,"comment_status":"closed","ping_status":"closed","template":"elementor_header_footer","meta":{"footnotes":""},"class_list":["post-347","page","type-page","status-publish","hentry"],"_links":{"self":[{"href":"https:\/\/obscurra.eu\/es\/wp-json\/wp\/v2\/pages\/347","targetHints":{"allow":["GET"]}}],"collection":[{"href":"https:\/\/obscurra.eu\/es\/wp-json\/wp\/v2\/pages"}],"about":[{"href":"https:\/\/obscurra.eu\/es\/wp-json\/wp\/v2\/types\/page"}],"author":[{"embeddable":true,"href":"https:\/\/obscurra.eu\/es\/wp-json\/wp\/v2\/users\/1"}],"replies":[{"embeddable":true,"href":"https:\/\/obscurra.eu\/es\/wp-json\/wp\/v2\/comments?post=347"}],"version-history":[{"count":9,"href":"https:\/\/obscurra.eu\/es\/wp-json\/wp\/v2\/pages\/347\/revisions"}],"predecessor-version":[{"id":2879,"href":"https:\/\/obscurra.eu\/es\/wp-json\/wp\/v2\/pages\/347\/revisions\/2879"}],"wp:attachment":[{"href":"https:\/\/obscurra.eu\/es\/wp-json\/wp\/v2\/media?parent=347"}],"curies":[{"name":"wp","href":"https:\/\/api.w.org\/{rel}","templated":true}]}}